{"id":10,"date":"2018-08-27T18:50:26","date_gmt":"2018-08-27T18:50:26","guid":{"rendered":"http:\/\/paginas.facmed.unam.mx\/licenciaturas\/lmc\/?page_id=10"},"modified":"2022-03-01T18:54:36","modified_gmt":"2022-03-01T18:54:36","slug":"mision-vision","status":"publish","type":"page","link":"https:\/\/medicina.facmed.unam.mx\/index.php\/mision-vision\/","title":{"rendered":"Misi\u00f3n Visi\u00f3n"},"content":{"rendered":"<p>[et_pb_section fb_built=\u00bb1&#8243; fullwidth=\u00bbon\u00bb disabled_on=\u00bbon|off|off\u00bb _builder_version=\u00bb3.22&#8243; global_colors_info=\u00bb{}\u00bb][et_pb_fullwidth_slider _builder_version=\u00bb4.14.7&#8243; hover_enabled=\u00bb0&#8243; global_colors_info=\u00bb{}\u00bb button_text_size__hover_enabled=\u00bboff\u00bb button_one_text_size__hover_enabled=\u00bboff\u00bb button_two_text_size__hover_enabled=\u00bboff\u00bb button_text_color__hover_enabled=\u00bboff\u00bb button_one_text_color__hover_enabled=\u00bboff\u00bb button_two_text_color__hover_enabled=\u00bboff\u00bb button_border_width__hover_enabled=\u00bboff\u00bb button_one_border_width__hover_enabled=\u00bboff\u00bb button_two_border_width__hover_enabled=\u00bboff\u00bb button_border_color__hover_enabled=\u00bboff\u00bb button_one_border_color__hover_enabled=\u00bboff\u00bb button_two_border_color__hover_enabled=\u00bboff\u00bb button_border_radius__hover_enabled=\u00bboff\u00bb button_one_border_radius__hover_enabled=\u00bboff\u00bb button_two_border_radius__hover_enabled=\u00bboff\u00bb button_letter_spacing__hover_enabled=\u00bboff\u00bb button_one_letter_spacing__hover_enabled=\u00bboff\u00bb button_two_letter_spacing__hover_enabled=\u00bboff\u00bb button_bg_color__hover_enabled=\u00bboff\u00bb button_one_bg_color__hover_enabled=\u00bboff\u00bb button_two_bg_color__hover_enabled=\u00bboff\u00bb sticky_enabled=\u00bb0&#8243;][et_pb_slide _builder_version=\u00bb4.14.7&#8243; background_image=\u00bbhttps:\/\/medicina.facmed.unam.mx\/wp-content\/uploads\/2018\/10\/Separadores-Misio\u0301n-Visio\u0301n-final-09.png\u00bb hover_enabled=\u00bb0&#8243; global_colors_info=\u00bb{}\u00bb sticky_transition=\u00bbon\u00bb button_text_size__hover_enabled=\u00bboff\u00bb button_one_text_size__hover_enabled=\u00bboff\u00bb button_two_text_size__hover_enabled=\u00bboff\u00bb button_text_color__hover_enabled=\u00bboff\u00bb button_one_text_color__hover_enabled=\u00bboff\u00bb button_two_text_color__hover_enabled=\u00bboff\u00bb button_border_width__hover_enabled=\u00bboff\u00bb button_one_border_width__hover_enabled=\u00bboff\u00bb button_two_border_width__hover_enabled=\u00bboff\u00bb button_border_color__hover_enabled=\u00bboff\u00bb button_one_border_color__hover_enabled=\u00bboff\u00bb button_two_border_color__hover_enabled=\u00bboff\u00bb button_border_radius__hover_enabled=\u00bboff\u00bb button_one_border_radius__hover_enabled=\u00bboff\u00bb button_two_border_radius__hover_enabled=\u00bboff\u00bb button_letter_spacing__hover_enabled=\u00bboff\u00bb button_one_letter_spacing__hover_enabled=\u00bboff\u00bb button_two_letter_spacing__hover_enabled=\u00bboff\u00bb button_bg_color__hover_enabled=\u00bboff\u00bb button_one_bg_color__hover_enabled=\u00bboff\u00bb button_two_bg_color__hover_enabled=\u00bboff\u00bb title_text=\u00bbSeparadores Misio\u0301n-Visio\u0301n final-09&#8243; background_enable_image=\u00bbon\u00bb sticky_enabled=\u00bb0&#8243;][\/et_pb_slide][\/et_pb_fullwidth_slider][\/et_pb_section][et_pb_section fb_built=\u00bb1&#8243; fullwidth=\u00bbon\u00bb _builder_version=\u00bb3.22&#8243; global_colors_info=\u00bb{}\u00bb][et_pb_fullwidth_image src=\u00bbhttp:\/\/paginas.facmed.unam.mx\/licenciaturas\/lmc\/wp-content\/uploads\/2018\/10\/Carteles-02.jpg\u00bb disabled_on=\u00bboff|on|on\u00bb _builder_version=\u00bb3.12.2&#8243; global_colors_info=\u00bb{}\u00bb][\/et_pb_fullwidth_image][\/et_pb_section][et_pb_section fb_built=\u00bb1&#8243; _builder_version=\u00bb3.22&#8243; background_image=\u00bbhttp:\/\/paginas.facmed.unam.mx\/licenciaturas\/lmc\/wp-content\/uploads\/2018\/10\/00neurona.png\u00bb parallax=\u00bbon\u00bb custom_padding=\u00bb27px|0px|250px|0px|false|false\u00bb global_colors_info=\u00bb{}\u00bb][et_pb_row _builder_version=\u00bb3.25&#8243; background_color=\u00bbrgba(255,255,255,0.91)\u00bb custom_padding=\u00bb21px|0px|27px|0px|false|false\u00bb global_colors_info=\u00bb{}\u00bb column_structure=\u00bb1_2,1_2&#8243;][et_pb_column type=\u00bb1_2&#8243; _builder_version=\u00bb3.25&#8243; custom_padding=\u00bb|||\u00bb global_colors_info=\u00bb{}\u00bb custom_padding__hover=\u00bb|||\u00bb][et_pb_text _builder_version=\u00bb3.27.4&#8243; header_font=\u00bb|700|||||||\u00bb header_text_color=\u00bb#68a4c5&#8243; header_font_size=\u00bb47px\u00bb global_colors_info=\u00bb{}\u00bb]<\/p>\n<h1>Misi\u00f3n<\/h1>\n<p>La Licenciatura de M\u00e9dico Cirujano de la Facultad de Medicina de la Universidad Nacional Aut\u00f3noma de M\u00e9xico, forma m\u00e9dicos generales \u00e9ticos, cr\u00edticos y humanistas que responden a las necesidades en salud, con innovaci\u00f3n y excelencia educativa, capaces de desarrollarse en la investigaci\u00f3n cient\u00edfica en beneficio del ser humano y de la naci\u00f3n.<\/p>\n<p>[\/et_pb_text][\/et_pb_column][et_pb_column type=\u00bb1_2&#8243; _builder_version=\u00bb3.25&#8243; custom_padding=\u00bb|||\u00bb global_colors_info=\u00bb{}\u00bb custom_padding__hover=\u00bb|||\u00bb][et_pb_text _builder_version=\u00bb3.27.4&#8243; header_font=\u00bb|700|||||||\u00bb header_text_color=\u00bb#4296c4&#8243; header_font_size=\u00bb47px\u00bb global_colors_info=\u00bb{}\u00bb]<\/p>\n<h1>Visi\u00f3n<\/h1>\n<p>La Licenciatura de M\u00e9dico Cirujano de la Facultad de Medicina de la Universidad Nacional Aut\u00f3noma de M\u00e9xico, mantiene a la vanguardia la formaci\u00f3n de m\u00e9dicos cirujanos l\u00edderes, competentes en el ejercicio profesional en beneficio de la naci\u00f3n y de la humanidad.<\/p>\n<p>[\/et_pb_text][\/et_pb_column][\/et_pb_row][\/et_pb_section]<\/p>\n","protected":false},"excerpt":{"rendered":"<p>Misi\u00f3n La Licenciatura de M\u00e9dico Cirujano de la Facultad de Medicina de la Universidad Nacional Aut\u00f3noma de M\u00e9xico, forma m\u00e9dicos generales \u00e9ticos, cr\u00edticos y humanistas que responden a las necesidades en salud, con innovaci\u00f3n y excelencia educativa, capaces de desarrollarse en la investigaci\u00f3n cient\u00edfica en beneficio del ser humano y de la naci\u00f3n.Visi\u00f3n La Licenciatura [&hellip;]<\/p>\n","protected":false},"author":1,"featured_media":0,"parent":0,"menu_order":0,"comment_status":"closed","ping_status":"closed","template":"","meta":{"_et_pb_use_builder":"on","_et_pb_old_content":"","_et_gb_content_width":"","footnotes":""},"jetpack_sharing_enabled":true,"_links":{"self":[{"href":"https:\/\/medicina.facmed.unam.mx\/index.php\/wp-json\/wp\/v2\/pages\/10"}],"collection":[{"href":"https:\/\/medicina.facmed.unam.mx\/index.php\/wp-json\/wp\/v2\/pages"}],"about":[{"href":"https:\/\/medicina.facmed.unam.mx\/index.php\/wp-json\/wp\/v2\/types\/page"}],"author":[{"embeddable":true,"href":"https:\/\/medicina.facmed.unam.mx\/index.php\/wp-json\/wp\/v2\/users\/1"}],"replies":[{"embeddable":true,"href":"https:\/\/medicina.facmed.unam.mx\/index.php\/wp-json\/wp\/v2\/comments?post=10"}],"version-history":[{"count":19,"href":"https:\/\/medicina.facmed.unam.mx\/index.php\/wp-json\/wp\/v2\/pages\/10\/revisions"}],"predecessor-version":[{"id":1067,"href":"https:\/\/medicina.facmed.unam.mx\/index.php\/wp-json\/wp\/v2\/pages\/10\/revisions\/1067"}],"wp:attachment":[{"href":"https:\/\/medicina.facmed.unam.mx\/index.php\/wp-json\/wp\/v2\/media?parent=10"}],"curies":[{"name":"wp","href":"https:\/\/api.w.org\/{rel}","templated":true}]}}