{"id":1012,"date":"2021-09-08T20:05:42","date_gmt":"2021-09-08T20:05:42","guid":{"rendered":"https:\/\/medicina.facmed.unam.mx\/?page_id=1012"},"modified":"2021-09-29T18:54:03","modified_gmt":"2021-09-29T18:54:03","slug":"directorio","status":"publish","type":"page","link":"https:\/\/medicina.facmed.unam.mx\/index.php\/directorio\/","title":{"rendered":"Directorio"},"content":{"rendered":"<p>[et_pb_section fb_built=\u00bb1&#8243; _builder_version=\u00bb4.10.6&#8243; _module_preset=\u00bbdefault\u00bb use_background_color_gradient=\u00bbon\u00bb background_color_gradient_start=\u00bb#2fbded\u00bb background_color_gradient_end=\u00bb#134063&#8243; background_image=\u00bbhttps:\/\/medicina.facmed.unam.mx\/wp-content\/uploads\/2021\/09\/Mesa-de-trabajo-1.png\u00bb custom_padding=\u00bb22px|0px|73px|||\u00bb hover_enabled=\u00bb0&#8243; global_colors_info=\u00bb{}\u00bb custom_padding_last_edited=\u00bbon|phone\u00bb custom_padding_phone=\u00bb20px|0px|0px||false|false\u00bb sticky_enabled=\u00bb0&#8243;][et_pb_row column_structure=\u00bb1_2,1_2&#8243; _builder_version=\u00bb4.10.6&#8243; _module_preset=\u00bbdefault\u00bb custom_padding=\u00bb73px|||||\u00bb global_colors_info=\u00bb{}\u00bb][et_pb_column type=\u00bb1_2&#8243; _builder_version=\u00bb4.10.6&#8243; _module_preset=\u00bbdefault\u00bb global_colors_info=\u00bb{}\u00bb][et_pb_text _builder_version=\u00bb4.10.6&#8243; _module_preset=\u00bbdefault\u00bb text_font=\u00bb|700|||||||\u00bb text_text_color=\u00bb#FFFFFF\u00bb text_font_size=\u00bb21px\u00bb header_font=\u00bb|700|||||||\u00bb header_text_color=\u00bb#FFFFFF\u00bb header_font_size=\u00bb66px\u00bb hover_enabled=\u00bb0&#8243; global_colors_info=\u00bb{}\u00bb header_font_size_last_edited=\u00bbon|phone\u00bb header_font_size_phone=\u00bb46px\u00bb text_font_size_last_edited=\u00bbon|phone\u00bb text_font_size_phone=\u00bb16px\u00bb sticky_enabled=\u00bb0&#8243;]<\/p>\n<h1>Directorio<\/h1>\n<p>Facultad de M\u00e9dicina \/ M\u00e9dico Cirujano<\/p>\n<p>[\/et_pb_text][\/et_pb_column][et_pb_column type=\u00bb1_2&#8243; _builder_version=\u00bb4.10.6&#8243; _module_preset=\u00bbdefault\u00bb global_colors_info=\u00bb{}\u00bb][\/et_pb_column][\/et_pb_row][\/et_pb_section][et_pb_section fb_built=\u00bb1&#8243; _builder_version=\u00bb4.10.6&#8243; _module_preset=\u00bbdefault\u00bb global_colors_info=\u00bb{}\u00bb][et_pb_row column_structure=\u00bb1_3,1_3,1_3&#8243; _builder_version=\u00bb4.10.6&#8243; _module_preset=\u00bbdefault\u00bb global_colors_info=\u00bb{}\u00bb][et_pb_column type=\u00bb1_3&#8243; _builder_version=\u00bb4.10.6&#8243; _module_preset=\u00bbdefault\u00bb global_colors_info=\u00bb{}\u00bb][et_pb_text _builder_version=\u00bb4.10.6&#8243; _module_preset=\u00bbdefault\u00bb text_font_size=\u00bb16px\u00bb header_text_color=\u00bb#64ADC4&#8243; header_font_size=\u00bb22px\u00bb custom_padding=\u00bb|||15px|false|false\u00bb border_width_left=\u00bb3px\u00bb border_color_left=\u00bb#5da2b7&#8243; global_colors_info=\u00bb{}\u00bb]<\/p>\n<h1>Actividades Deportivas<\/h1>\n<p><i class=\"fas fa-desktop\"><\/i> <span style=\"color: #808080;\"><a href=\"http:\/\/csc.facmed.unam.mx\/?page_id=261\" target=\"_blank\" rel=\"noopener noreferrer\" style=\"color: #808080;\">csc.facmed.unam.mx<\/a><\/span><br \/> <i class=\"fas fa-envelope\"><\/i> padyr.fm@unam.mx<\/p>\n<p>[\/et_pb_text][et_pb_text _builder_version=\u00bb4.10.6&#8243; _module_preset=\u00bbdefault\u00bb text_font_size=\u00bb16px\u00bb header_text_color=\u00bb#0C71C3&#8243; header_font_size=\u00bb22px\u00bb custom_padding=\u00bb|||15px|false|false\u00bb border_width_left=\u00bb3px\u00bb border_color_left=\u00bb#0C71C3&#8243; global_colors_info=\u00bb{}\u00bb]<\/p>\n<h1>Becas<\/h1>\n<p><i class=\"fas fa-desktop\"><\/i> <span style=\"color: #808080;\"><a href=\"http:\/\/csc.facmed.unam.mx\/?page_id=259\" target=\"_blank\" rel=\"noopener noreferrer\" style=\"color: #808080;\">csc.facmed.unam.mx<\/a><\/span><br \/>\n<i class=\"fas fa-envelope\"><\/i> becas.fm@unam.mx[\/et_pb_text][et_pb_text _builder_version=\u00bb4.10.6&#8243; _module_preset=\u00bbdefault\u00bb text_font_size=\u00bb16px\u00bb header_text_color=\u00bb#64ADC4&#8243; header_font_size=\u00bb22px\u00bb custom_padding=\u00bb|||15px|false|false\u00bb border_width_left=\u00bb3px\u00bb border_color_left=\u00bb#5da2b7&#8243; global_colors_info=\u00bb{}\u00bb]<\/p>\n<h1>Biblioteca<\/h1>\n<p><i class=\"fas fa-desktop\"><\/i> <span style=\"color: #808080;\"><a href=\"http:\/\/www.facmed.unam.mx\/bmd\/\" target=\"_blank\" rel=\"noopener noreferrer\" style=\"color: #808080;\">facmed.unam.mx\/bmd<\/a><\/span><br \/>\n<i class=\"fas fa-envelope\"><\/i> bmd@facmed.unam.mx[\/et_pb_text][et_pb_text _builder_version=\u00bb4.10.6&#8243; _module_preset=\u00bbdefault\u00bb text_font_size=\u00bb16px\u00bb header_text_color=\u00bb#0C71C3&#8243; header_font_size=\u00bb20px\u00bb custom_padding=\u00bb|||15px|false|false\u00bb border_width_left=\u00bb3px\u00bb border_color_left=\u00bb#0C71C3&#8243; global_colors_info=\u00bb{}\u00bb]<\/p>\n<h1>Comisi\u00f3n Especial de Equidad de G\u00e9nero<\/h1>\n<p><i class=\"fas fa-desktop\"><\/i> <span style=\"color: #808080;\"><a href=\"http:\/\/eticaygenero.facmed.unam.mx\/index.php\/equidad-de-genero\/\" target=\"_blank\" rel=\"noopener noreferrer\" style=\"color: #808080;\">eticaygenero.facmed.unam.mx<\/a><\/span><br \/> <i class=\"fas fa-envelope\"><\/i> defensoria.unam.mx<\/p>\n<p>[\/et_pb_text][et_pb_text _builder_version=\u00bb4.10.6&#8243; _module_preset=\u00bbdefault\u00bb text_font_size=\u00bb16px\u00bb header_text_color=\u00bb#64ADC4&#8243; header_font_size=\u00bb22px\u00bb custom_padding=\u00bb|||15px|false|false\u00bb border_width_left=\u00bb3px\u00bb border_color_left=\u00bb#5da2b7&#8243; global_colors_info=\u00bb{}\u00bb]<\/p>\n<h1>Coordinaci\u00f3n de Ciencias B\u00e1sicas<\/h1>\n<p><i class=\"fas fa-desktop\"><\/i> <span style=\"color: #808080;\"><a href=\"http:\/\/ccb.facmed.unam.mx\/\" target=\"_blank\" rel=\"noopener noreferrer\" style=\"color: #808080;\">ccb.facmed.unam.mx<\/a><\/span><br \/> <i class=\"fas fa-envelope\"><\/i> ccbfm@unam.mx<\/p>\n<p>[\/et_pb_text][et_pb_text _builder_version=\u00bb4.10.6&#8243; _module_preset=\u00bbdefault\u00bb text_font_size=\u00bb16px\u00bb header_text_color=\u00bb#0C71C3&#8243; header_font_size=\u00bb20px\u00bb custom_padding=\u00bb|||15px|false|false\u00bb border_width_left=\u00bb3px\u00bb border_color_left=\u00bb#0C71C3&#8243; global_colors_info=\u00bb{}\u00bb]<\/p>\n<h1>Defensor\u00eda de los Derechos Universitarios<\/h1>\n<p><i class=\"fas fa-desktop\"><\/i> <span style=\"color: #808080;\"><a href=\"https:\/\/www.defensoria.unam.mx\/x\" target=\"_blank\" rel=\"noopener noreferrer\" style=\"color: #808080;\">defensoria.unam.mx<\/a><\/span><br \/>\n<i class=\"fas fa-envelope\"><\/i> defensoria.unam.mx[\/et_pb_text][et_pb_text _builder_version=\u00bb4.10.6&#8243; _module_preset=\u00bbdefault\u00bb text_font_size=\u00bb16px\u00bb header_text_color=\u00bb#64ADC4&#8243; header_font_size=\u00bb22px\u00bb custom_padding=\u00bb|||15px|false|false\u00bb border_width_left=\u00bb3px\u00bb border_color_left=\u00bb#5da2b7&#8243; global_colors_info=\u00bb{}\u00bb]<\/p>\n<h1>Ingl\u00e9s<\/h1>\n<p><i class=\"fas fa-desktop\"><\/i> <span style=\"color: #808080;\"><a href=\"http:\/\/csc.facmed.unam.mx\/?page_id=267\" target=\"_blank\" rel=\"noopener noreferrer\" style=\"color: #808080;\">csc.facmed.unam.mx<\/a><\/span><br \/>\n<i class=\"fas fa-envelope\"><\/i> progi.fm@unam.mx[\/et_pb_text][et_pb_text _builder_version=\u00bb4.10.6&#8243; _module_preset=\u00bbdefault\u00bb text_font_size=\u00bb16px\u00bb header_text_color=\u00bb#0C71C3&#8243; header_font_size=\u00bb20px\u00bb custom_padding=\u00bb|||15px|false|false\u00bb border_width_left=\u00bb3px\u00bb border_color_left=\u00bb#0C71C3&#8243; global_colors_info=\u00bb{}\u00bb]<\/p>\n<h1>Movilidad Acad\u00e9mica<\/h1>\n<p><i class=\"fas fa-desktop\"><\/i> <span style=\"color: #808080;\"><a href=\"http:\/\/mavi.facmed.unam.mx\/\" target=\"_blank\" rel=\"noopener noreferrer\" style=\"color: #808080;\">mavi.facmed.unam.mx<\/a><\/span><br \/>\n<i class=\"fas fa-envelope\"><\/i>globalinfo@facmed.unam.mx[\/et_pb_text][\/et_pb_column][et_pb_column type=\u00bb1_3&#8243; _builder_version=\u00bb4.10.6&#8243; _module_preset=\u00bbdefault\u00bb global_colors_info=\u00bb{}\u00bb][et_pb_text _builder_version=\u00bb4.10.6&#8243; _module_preset=\u00bbdefault\u00bb text_font_size=\u00bb16px\u00bb header_text_color=\u00bb#0C71C3&#8243; header_font_size=\u00bb22px\u00bb custom_padding=\u00bb|||15px|false|false\u00bb border_width_left=\u00bb3px\u00bb border_color_left=\u00bb#0C71C3&#8243; global_colors_info=\u00bb{}\u00bb]<\/p>\n<h1>PAEA<\/h1>\n<p><i class=\"fas fa-desktop\"><\/i> <span style=\"color: #808080;\"><a href=\"http:\/\/paea.facmed.unam.mx\/\" target=\"_blank\" rel=\"noopener noreferrer\" style=\"color: #808080;\">paea.facmed.unam.mx<\/a><\/span><br \/>\n<i class=\"fas fa-envelope\"><\/i> paeafacmed@unam.mx[\/et_pb_text][et_pb_text _builder_version=\u00bb4.10.6&#8243; _module_preset=\u00bbdefault\u00bb text_font_size=\u00bb16px\u00bb header_text_color=\u00bb#64ADC4&#8243; header_font_size=\u00bb20px\u00bb custom_padding=\u00bb|||15px|false|false\u00bb border_width_left=\u00bb3px\u00bb border_color_left=\u00bb#5da2b7&#8243; global_colors_info=\u00bb{}\u00bb]<\/p>\n<h1>Programa de Estudios de G\u00e9nero en Salud<\/h1>\n<p><i class=\"fas fa-desktop\"><\/i> <span style=\"color: #808080;\"><a href=\"http:\/\/eticaygenero.facmed.unam.mx\/index.php\/programa-de-estudios-de-genero-en-salud\/\" target=\"_blank\" rel=\"noopener noreferrer\" style=\"color: #808080;\">eticaygenero.facmed.unam.mx<\/a><\/span><br \/>\nprog_estudios.genero.salud@facmed.unam.mx[\/et_pb_text][et_pb_text _builder_version=\u00bb4.10.6&#8243; _module_preset=\u00bbdefault\u00bb text_font_size=\u00bb16px\u00bb header_text_color=\u00bb#0C71C3&#8243; header_font_size=\u00bb20px\u00bb custom_padding=\u00bb|||15px|false|false\u00bb border_width_left=\u00bb3px\u00bb border_color_left=\u00bb#0C71C3&#8243; global_colors_info=\u00bb{}\u00bb]<\/p>\n<h1>Programa Institucional de \u00c9tica y Equidad de G\u00e9nero<\/h1>\n<p><i class=\"fas fa-desktop\"><\/i> <span style=\"color: #808080;\"><a href=\"http:\/\/eticaygenero.facmed.unam.mx\/\" target=\"_blank\" rel=\"noopener noreferrer\" style=\"color: #808080;\">eticaygenero.facmed.unam.mx<\/a><\/span><br \/> <i class=\"fas fa-envelope\"><\/i> paeafacmed@unam.mx<\/p>\n<p>[\/et_pb_text][et_pb_text _builder_version=\u00bb4.10.6&#8243; _module_preset=\u00bbdefault\u00bb text_font_size=\u00bb16px\u00bb header_text_color=\u00bb#64ADC4&#8243; header_font_size=\u00bb21px\u00bb custom_padding=\u00bb|||15px|false|false\u00bb border_width_left=\u00bb3px\u00bb border_color_left=\u00bb#5da2b7&#8243; global_colors_info=\u00bb{}\u00bb]<\/p>\n<h1>Departamento de Psiquiatr\u00eda y Salud Mental<\/h1>\n<p><i class=\"fas fa-desktop\"><\/i> <span style=\"color: #808080;\"><a href=\"http:\/\/psiquiatria.facmed.unam.mx\/\" target=\"_blank\" rel=\"noopener noreferrer\" style=\"color: #808080;\">psiquiatria.facmed.unam.mx<\/a><\/span><br \/> <i class=\"fas fa-envelope\"><\/i> jefaturadpsm.unam@gmail.com<\/p>\n<p>[\/et_pb_text][et_pb_text _builder_version=\u00bb4.10.6&#8243; _module_preset=\u00bbdefault\u00bb text_font_size=\u00bb16px\u00bb header_text_color=\u00bb#0C71C3&#8243; header_font_size=\u00bb22px\u00bb custom_padding=\u00bb|||15px|false|false\u00bb border_width_left=\u00bb3px\u00bb border_color_left=\u00bb#0C71C3&#8243; global_colors_info=\u00bb{}\u00bb]<\/p>\n<h1>SECISS<\/h1>\n<p><i class=\"fas fa-desktop\"><\/i> <span style=\"color: #808080;\"><a href=\"http:\/\/seciss.facmed.unam.mx\/\" target=\"_blank\" rel=\"noopener noreferrer\" style=\"color: #808080;\">seciss.facmed.unam.mx<\/a><\/span><br \/>\n<i class=\"fas fa-envelope\"><\/i> secim@unam.mx[\/et_pb_text][et_pb_text _builder_version=\u00bb4.10.6&#8243; _module_preset=\u00bbdefault\u00bb text_font_size=\u00bb16px\u00bb header_text_color=\u00bb#64ADC4&#8243; header_font_size=\u00bb22px\u00bb custom_padding=\u00bb|||15px|false|false\u00bb border_width_left=\u00bb3px\u00bb border_color_left=\u00bb#5da2b7&#8243; global_colors_info=\u00bb{}\u00bb]<\/p>\n<h1>Servicios Escolares<\/h1>\n<p><i class=\"fas fa-desktop\"><\/i> <span style=\"color: #808080;\"><a href=\"http:\/\/escolares.facmed.unam.mx\" target=\"_blank\" rel=\"noopener noreferrer\" style=\"color: #808080;\">escolares.facmed.unam.mx<\/a><\/span><br \/>\n<i class=\"fas fa-envelope\"><\/i> sse_usepre@unam.mx[\/et_pb_text][et_pb_text _builder_version=\u00bb4.10.6&#8243; _module_preset=\u00bbdefault\u00bb text_font_size=\u00bb16px\u00bb header_text_color=\u00bb#0C71C3&#8243; header_font_size=\u00bb22px\u00bb custom_padding=\u00bb|||15px|false|false\u00bb border_width_left=\u00bb3px\u00bb border_color_left=\u00bb#0C71C3&#8243; global_colors_info=\u00bb{}\u00bb]<\/p>\n<h1>Tutor\u00edas<\/h1>\n<p><i class=\"fas fa-desktop\"><\/i> <span style=\"color: #808080;\"><a href=\"www.facmed.unam.mx\/index.php?_id_=_dir_sg_udca&#038;_id_ab_=8\" target=\"_blank\" rel=\"noopener noreferrer\" style=\"color: #808080;\">www.facmed.unam.mx<\/a><\/span><br \/>\n<i class=\"fas fa-envelope\"><\/i> tutoriasfm@unam.mx[\/et_pb_text][\/et_pb_column][et_pb_column type=\u00bb1_3&#8243; _builder_version=\u00bb4.10.6&#8243; _module_preset=\u00bbdefault\u00bb global_colors_info=\u00bb{}\u00bb][et_pb_blurb image=\u00bbhttps:\/\/medicina.facmed.unam.mx\/wp-content\/uploads\/2021\/09\/comaem.png\u00bb image_max_width=\u00bb56%\u00bb _builder_version=\u00bb4.10.6&#8243; _module_preset=\u00bbdefault\u00bb body_text_align=\u00bbcenter\u00bb body_font_size=\u00bb15px\u00bb background_color=\u00bb#e8e8e8&#8243; custom_padding=\u00bb20px|20px|30px|20px|false|false\u00bb border_radii=\u00bbon|14px|14px|14px|14px\u00bb box_shadow_style=\u00bbpreset1&#8243; global_colors_info=\u00bb{}\u00bb]Estimados alumnos si desean plantear alg\u00fan comentario, sugerencia y\/o queja que no haya sido atendido por su Licenciatura el Consejo Mexicano para la Acreditaci\u00f3n de la Educaci\u00f3n M\u00e9dica A. C. (COMAEM) los escucha. Puedes contactarlo por medio de los siguientes canales:<\/p>\n<p><strong><a href=\"mailto:comaem.acredita@gmail.com\">comaem.acredita@gmail.com<\/a><\/strong><br \/>\n<a href=\"http:\/\/www.comaem.org.mx\/?page_id=857\" target=\"_blank\" rel=\"noopener noreferrer\"><strong>www.comaem.org.mx<\/strong><\/a>[\/et_pb_blurb][\/et_pb_column][\/et_pb_row][\/et_pb_section]<\/p>\n","protected":false},"excerpt":{"rendered":"<p>Directorio Facultad de M\u00e9dicina \/ M\u00e9dico CirujanoActividades Deportivas csc.facmed.unam.mx padyr.fm@unam.mxBecas csc.facmed.unam.mx becas.fm@unam.mxBiblioteca facmed.unam.mx\/bmd bmd@facmed.unam.mxComisi\u00f3n Especial de Equidad de G\u00e9nero eticaygenero.facmed.unam.mx defensoria.unam.mxCoordinaci\u00f3n de Ciencias B\u00e1sicas ccb.facmed.unam.mx ccbfm@unam.mxDefensor\u00eda de los Derechos Universitarios defensoria.unam.mx defensoria.unam.mxIngl\u00e9s csc.facmed.unam.mx progi.fm@unam.mxMovilidad Acad\u00e9mica mavi.facmed.unam.mx globalinfo@facmed.unam.mxPAEA paea.facmed.unam.mx paeafacmed@unam.mxPrograma de Estudios de G\u00e9nero en Salud eticaygenero.facmed.unam.mx prog_estudios.genero.salud@facmed.unam.mxPrograma Institucional de \u00c9tica y Equidad de G\u00e9nero eticaygenero.facmed.unam.mx [&hellip;]<\/p>\n","protected":false},"author":1,"featured_media":0,"parent":0,"menu_order":0,"comment_status":"closed","ping_status":"closed","template":"","meta":{"_et_pb_use_builder":"on","_et_pb_old_content":"<!-- wp:divi\/placeholder \/-->","_et_gb_content_width":"","footnotes":""},"jetpack_sharing_enabled":true,"_links":{"self":[{"href":"https:\/\/medicina.facmed.unam.mx\/index.php\/wp-json\/wp\/v2\/pages\/1012"}],"collection":[{"href":"https:\/\/medicina.facmed.unam.mx\/index.php\/wp-json\/wp\/v2\/pages"}],"about":[{"href":"https:\/\/medicina.facmed.unam.mx\/index.php\/wp-json\/wp\/v2\/types\/page"}],"author":[{"embeddable":true,"href":"https:\/\/medicina.facmed.unam.mx\/index.php\/wp-json\/wp\/v2\/users\/1"}],"replies":[{"embeddable":true,"href":"https:\/\/medicina.facmed.unam.mx\/index.php\/wp-json\/wp\/v2\/comments?post=1012"}],"version-history":[{"count":19,"href":"https:\/\/medicina.facmed.unam.mx\/index.php\/wp-json\/wp\/v2\/pages\/1012\/revisions"}],"predecessor-version":[{"id":1051,"href":"https:\/\/medicina.facmed.unam.mx\/index.php\/wp-json\/wp\/v2\/pages\/1012\/revisions\/1051"}],"wp:attachment":[{"href":"https:\/\/medicina.facmed.unam.mx\/index.php\/wp-json\/wp\/v2\/media?parent=1012"}],"curies":[{"name":"wp","href":"https:\/\/api.w.org\/{rel}","templated":true}]}}