{"id":804,"date":"2019-10-16T17:02:33","date_gmt":"2019-10-16T17:02:33","guid":{"rendered":"https:\/\/medicina.facmed.unam.mx\/?page_id=804"},"modified":"2020-03-19T20:15:19","modified_gmt":"2020-03-19T20:15:19","slug":"recursos-digitales","status":"publish","type":"page","link":"https:\/\/medicina.facmed.unam.mx\/index.php\/recursos-digitales\/","title":{"rendered":"Recursos Digitales"},"content":{"rendered":"<p>[et_pb_section fb_built=\u00bb1&#8243; _builder_version=\u00bb3.26.7&#8243; background_color=\u00bb#f4f4f4&#8243; background_image=\u00bbhttp:\/\/medcir.facmed.unam.mx\/wp-content\/uploads\/2018\/10\/55&#215;55-corazon-1.png\u00bb custom_padding=\u00bb42px|||||\u00bb fb_built=\u00bb1&#8243; _i=\u00bb0&#8243; _address=\u00bb0&#8243;][et_pb_row column_structure=\u00bb1_2,1_2&#8243; _builder_version=\u00bb3.26.7&#8243; _i=\u00bb0&#8243; _address=\u00bb0.0&#8243;][et_pb_column type=\u00bb1_2&#8243; _builder_version=\u00bb3.26.7&#8243; _i=\u00bb0&#8243; _address=\u00bb0.0.0&#8243;][et_pb_text _builder_version=\u00bb3.29.3&#8243; header_font=\u00bb|800|||||||\u00bb header_text_color=\u00bb#64adc4&#8243; header_font_size=\u00bb64px\u00bb custom_margin=\u00bb||21px|||\u00bb _i=\u00bb0&#8243; _address=\u00bb0.0.0.0&#8243;]<\/p>\n<h1>Recursos Digitales <\/h1>\n<p>[\/et_pb_text][et_pb_text _builder_version=\u00bb3.29.3&#8243; text_font_size=\u00bb17px\u00bb background_color=\u00bb#ffffff\u00bb custom_margin=\u00bb0px|0px|0px|0px|false|false\u00bb custom_padding=\u00bb20px||20px|20px|false|false\u00bb hover_enabled=\u00bb0&#8243; border_width_all=\u00bb1px\u00bb border_color_all=\u00bb#d6d6d6&#8243; _i=\u00bb1&#8243; _address=\u00bb0.0.0.1&#8243;]<\/p>\n<p><a href=\"http:\/\/bct.facmed.unam.mx\/index.php\/recursos\/\" target=\"_blank\" rel=\"noopener noreferrer\">Biolog\u00eda Celular y Tisular <\/a><\/p>\n<p><a href=\"https:\/\/www.youtube.com\/channel\/UCMQvWwh0DH6XpMf33z94Nrg\/videos\" target=\"_blank\" rel=\"noopener noreferrer\">Videos sobre Embriolog\u00eda<\/a><\/p>\n<p><a href=\"http:\/\/anatomia.facmed.unam.mx\/index.php\/aula-virtual\/\" target=\"_blank\" rel=\"noopener noreferrer\">Aula virtual de Anatom\u00eda<\/a><\/p>\n<p><a href=\"http:\/\/www.facmed.unam.mx\/bmd\/\" target=\"_blank\" rel=\"noopener noreferrer\">Biblioteca M\u00e9dica Digital<\/a><\/p>\n<p><a href=\"http:\/\/psiquiatria.facmed.unam.mx\/sm.html\" target=\"_blank\" rel=\"noopener noreferrer\">Introducci\u00f3n\u00a0 a la Salud\u00a0 Mental (material)<\/a><\/p>\n<p><a href=\"https:\/\/www.youtube.com\/channel\/UCRqeKBjY1Te1DXgJ4TAgIuw\" target=\"_blank\" rel=\"noopener noreferrer\">Videos DICIM<\/a><\/p>\n<p><a href=\"http:\/\/avf.facmed.unam.mx\/moodle\/\" target=\"_blank\" rel=\"noopener noreferrer\">Aula Virtual Farmacolog\u00eda<\/a><\/p>\n<p><a href=\"http:\/\/ib.facmed.unam.mx\/aulavirtual\/\" target=\"_blank\" rel=\"noopener noreferrer\">Aula Virtual de Fisiolog\u00eda<\/a><\/p>\n<p><a href=\"https:\/\/www.youtube.com\/channel\/UC-5xCT-dgxSfRIN9A5bCf2Q\/featured\" target=\"_blank\" rel=\"noopener noreferrer\">Canal de Youtube Asesorias Fisiolog\u00eda<\/a><\/p>\n<p><a href=\"http:\/\/inmuno.facmed.unam.mx\/\" target=\"_blank\" rel=\"noopener noreferrer\">Aula Virtual Inmunolog\u00eda<\/a><\/p>\n<p><a href=\"https:\/\/inmuno.wixsite.com\/inmunofacmed\/monografias\" target=\"_blank\" rel=\"noopener noreferrer\">Material Inmunolog\u00eda<\/a><\/p>\n<p><a href=\"https:\/\/inmuno.wixsite.com\/inmunofacmed\" target=\"_blank\" rel=\"noopener noreferrer\">Coordinaci\u00f3n de Inmunolog\u00eda<\/a><\/p>\n<p>[\/et_pb_text][\/et_pb_column][et_pb_column type=\u00bb1_2&#8243; _builder_version=\u00bb3.26.7&#8243; _i=\u00bb1&#8243; _address=\u00bb0.0.1&#8243;][\/et_pb_column][\/et_pb_row][\/et_pb_section]<\/p>\n","protected":false},"excerpt":{"rendered":"<p>Recursos Digitales Biolog\u00eda Celular y Tisular Videos sobre Embriolog\u00eda Aula virtual de Anatom\u00eda Biblioteca M\u00e9dica Digital Introducci\u00f3n\u00a0 a la Salud\u00a0 Mental (material) Videos DICIM Aula Virtual Farmacolog\u00eda Aula Virtual de Fisiolog\u00eda Canal de Youtube Asesorias Fisiolog\u00eda Aula Virtual Inmunolog\u00eda Material Inmunolog\u00eda Coordinaci\u00f3n de Inmunolog\u00eda<\/p>\n","protected":false},"author":1,"featured_media":0,"parent":0,"menu_order":0,"comment_status":"closed","ping_status":"closed","template":"","meta":{"_et_pb_use_builder":"on","_et_pb_old_content":"","_et_gb_content_width":"","footnotes":""},"jetpack_sharing_enabled":true,"_links":{"self":[{"href":"https:\/\/medicina.facmed.unam.mx\/index.php\/wp-json\/wp\/v2\/pages\/804"}],"collection":[{"href":"https:\/\/medicina.facmed.unam.mx\/index.php\/wp-json\/wp\/v2\/pages"}],"about":[{"href":"https:\/\/medicina.facmed.unam.mx\/index.php\/wp-json\/wp\/v2\/types\/page"}],"author":[{"embeddable":true,"href":"https:\/\/medicina.facmed.unam.mx\/index.php\/wp-json\/wp\/v2\/users\/1"}],"replies":[{"embeddable":true,"href":"https:\/\/medicina.facmed.unam.mx\/index.php\/wp-json\/wp\/v2\/comments?post=804"}],"version-history":[{"count":4,"href":"https:\/\/medicina.facmed.unam.mx\/index.php\/wp-json\/wp\/v2\/pages\/804\/revisions"}],"predecessor-version":[{"id":871,"href":"https:\/\/medicina.facmed.unam.mx\/index.php\/wp-json\/wp\/v2\/pages\/804\/revisions\/871"}],"wp:attachment":[{"href":"https:\/\/medicina.facmed.unam.mx\/index.php\/wp-json\/wp\/v2\/media?parent=804"}],"curies":[{"name":"wp","href":"https:\/\/api.w.org\/{rel}","templated":true}]}}